{"id":1397,"date":"2025-09-18T10:31:41","date_gmt":"2025-09-18T08:31:41","guid":{"rendered":"https:\/\/neonyszeptem.pl\/?page_id=1397"},"modified":"2025-09-18T17:53:57","modified_gmt":"2025-09-18T15:53:57","slug":"podziel-sie-ta-strona-z-innymi","status":"publish","type":"page","link":"https:\/\/neonyszeptem.pl\/index.php\/podziel-sie-ta-strona-z-innymi\/","title":{"rendered":"Podziel si\u0119 t\u0105 stron\u0105 z innymi"},"content":{"rendered":"\n<div class=\"wp-block-cover has-base-color has-text-color has-link-color has-quicksand-font-family wp-elements-423eb68053c6183f503496f2adcbf66b\"><img decoding=\"async\" width=\"1024\" height=\"341\" class=\"wp-block-cover__image-background wp-image-1399 size-large\" alt=\"Wielokolorowy napis neonowy &quot;Neony Szeptem&quot; w wielkim mie\u015bcie. Po deszczowej ulicy id\u0105 ludzie z parasolami. W tle wielkie wie\u017cowce. Po bokach rozmyty obraz\" src=\"https:\/\/neonyszeptem.pl\/wp-content\/uploads\/2025\/09\/neony-szeptem-05-rozszerzony-1500x500-1-1024x341.png\" style=\"object-position:50% 30%\" data-object-fit=\"cover\" data-object-position=\"50% 30%\" srcset=\"https:\/\/neonyszeptem.pl\/wp-content\/uploads\/2025\/09\/neony-szeptem-05-rozszerzony-1500x500-1-1024x341.png 1024w, https:\/\/neonyszeptem.pl\/wp-content\/uploads\/2025\/09\/neony-szeptem-05-rozszerzony-1500x500-1-300x100.png 300w, https:\/\/neonyszeptem.pl\/wp-content\/uploads\/2025\/09\/neony-szeptem-05-rozszerzony-1500x500-1-768x256.png 768w, https:\/\/neonyszeptem.pl\/wp-content\/uploads\/2025\/09\/neony-szeptem-05-rozszerzony-1500x500-1.png 1500w\" sizes=\"(max-width: 1024px) 100vw, 1024px\" \/><span aria-hidden=\"true\" class=\"wp-block-cover__background has-vivid-red-background-color has-background-dim-40 has-background-dim\"><\/span><div class=\"wp-block-cover__inner-container has-global-padding is-layout-constrained wp-block-cover-is-layout-constrained\">\n<p class=\"has-text-align-center has-section-bg-color has-text-color has-link-color has-large-font-size wp-elements-0b32bc4eaea37b6bab24972d121c8d3f\" style=\"font-style:normal;font-weight:700;line-height:1.3\">Je\u015bli podoba ci si\u0119 zawarto\u015b\u0107 tej strony, powiedz o niej innym.<br>Znajd\u0105 oni zebrane z r\u00f3\u017cnych \u017ar\u00f3de\u0142 <a href=\"https:\/\/neonyszeptem.pl\/index.php\/podcasty-warte-wysluchania\/\" data-type=\"page\" data-id=\"206\">podkasty<\/a>, <a href=\"https:\/\/neonyszeptem.pl\/index.php\/wartosciowe-artykuly\/\" data-type=\"page\" data-id=\"201\">artyku\u0142y<\/a>,<a href=\"https:\/\/neonyszeptem.pl\/index.php\/strony-internetowe\/\" data-type=\"page\" data-id=\"204\"> adresy stron i kana\u0142\u00f3w<\/a>, <a href=\"https:\/\/neonyszeptem.pl\/index.php\/ksiazki\/\" data-type=\"page\" data-id=\"74\">tytu\u0142y ksi\u0105\u017cek<\/a> dotycz\u0105ce <a href=\"https:\/\/neonyszeptem.pl\/index.php\/podcasty-warte-wysluchania\/#PODCAST-WIARA\">wiary<\/a>, <a href=\"https:\/\/neonyszeptem.pl\/index.php\/podcasty-warte-wysluchania\/#PODCAST-MANIPULACJE-2\">manipulacji<\/a>, <a href=\"https:\/\/neonyszeptem.pl\/index.php\/ksiazki\/#KSIAZKI-NADUZYCIA-3\">nadu\u017cy\u0107 <\/a>i <a href=\"https:\/\/neonyszeptem.pl\/index.php\/strony-internetowe\/#STRONY-WSPOLNOTY-2\" data-type=\"page\" data-id=\"204\">wsp\u00f3lnot<\/a>.<br><br>Je\u015bli masz swoj\u0105 stron\u0119 internetow\u0105, podcast <br>lub piszesz artyku\u0142y o podobnej tematyce, <br>prosz\u0119 wspomnij o <a href=\"https:\/\/neonyszeptem.pl\/\">https:\/\/neonyszeptem.pl\/<\/a><br><br><\/p>\n<\/div><\/div>\n\n\n\n<p><\/p>\n","protected":false},"excerpt":{"rendered":"","protected":false},"author":1,"featured_media":1398,"parent":0,"menu_order":0,"comment_status":"closed","ping_status":"closed","template":"","meta":{"footnotes":""},"class_list":["post-1397","page","type-page","status-publish","has-post-thumbnail","hentry"],"_links":{"self":[{"href":"https:\/\/neonyszeptem.pl\/index.php\/wp-json\/wp\/v2\/pages\/1397","targetHints":{"allow":["GET"]}}],"collection":[{"href":"https:\/\/neonyszeptem.pl\/index.php\/wp-json\/wp\/v2\/pages"}],"about":[{"href":"https:\/\/neonyszeptem.pl\/index.php\/wp-json\/wp\/v2\/types\/page"}],"author":[{"embeddable":true,"href":"https:\/\/neonyszeptem.pl\/index.php\/wp-json\/wp\/v2\/users\/1"}],"replies":[{"embeddable":true,"href":"https:\/\/neonyszeptem.pl\/index.php\/wp-json\/wp\/v2\/comments?post=1397"}],"version-history":[{"count":15,"href":"https:\/\/neonyszeptem.pl\/index.php\/wp-json\/wp\/v2\/pages\/1397\/revisions"}],"predecessor-version":[{"id":1521,"href":"https:\/\/neonyszeptem.pl\/index.php\/wp-json\/wp\/v2\/pages\/1397\/revisions\/1521"}],"wp:featuredmedia":[{"embeddable":true,"href":"https:\/\/neonyszeptem.pl\/index.php\/wp-json\/wp\/v2\/media\/1398"}],"wp:attachment":[{"href":"https:\/\/neonyszeptem.pl\/index.php\/wp-json\/wp\/v2\/media?parent=1397"}],"curies":[{"name":"wp","href":"https:\/\/api.w.org\/{rel}","templated":true}]}}