{"id":1319,"date":"2025-09-17T20:12:27","date_gmt":"2025-09-17T18:12:27","guid":{"rendered":"https:\/\/neonyszeptem.pl\/?page_id=1319"},"modified":"2025-09-23T14:21:03","modified_gmt":"2025-09-23T12:21:03","slug":"kim-jestem","status":"publish","type":"page","link":"https:\/\/neonyszeptem.pl\/index.php\/kim-jestem\/","title":{"rendered":"Kim jestem"},"content":{"rendered":"\n<div class=\"wp-block-media-text is-stacked-on-mobile has-base-color has-secondary-background-color has-text-color has-background has-link-color wp-elements-fb13053530513843d17096484488c513\"><figure class=\"wp-block-media-text__media\"><img decoding=\"async\" width=\"800\" height=\"490\" src=\"https:\/\/neonyszeptem.pl\/wp-content\/uploads\/2025\/09\/trzy-aniolki-trabki-skos-male-800x490-1.png\" alt=\"neonowe lampki pokazuj\u0105ce trzy anio\u0142ki graj\u0105ce na tr\u0105bkach\" class=\"wp-image-1320 size-full\" srcset=\"https:\/\/neonyszeptem.pl\/wp-content\/uploads\/2025\/09\/trzy-aniolki-trabki-skos-male-800x490-1.png 800w, https:\/\/neonyszeptem.pl\/wp-content\/uploads\/2025\/09\/trzy-aniolki-trabki-skos-male-800x490-1-300x184.png 300w, https:\/\/neonyszeptem.pl\/wp-content\/uploads\/2025\/09\/trzy-aniolki-trabki-skos-male-800x490-1-768x470.png 768w\" sizes=\"(max-width: 800px) 100vw, 800px\" \/><\/figure><div class=\"wp-block-media-text__content\">\n<p class=\"has-section-bg-color has-text-color has-link-color has-regular-font-size wp-elements-05113669f38d74adac0202f99f97109a\" style=\"line-height:1.3\">Mam na imi\u0119 Anna. <br><br>Do Ko\u015bcio\u0142a Rzymskokatolickiego nale\u017c\u0119 mniej wi\u0119cej p\u00f3\u0142 wieku. W tym czasie mia\u0142am okazj\u0119 by\u0107 przez cztery lata w duszpasterstwie akademickim, po wielu latach wst\u0105pi\u0142am do wsp\u00f3lnoty o zasi\u0119gu globalnym i by\u0142am tam dwana\u015bcie lat. Obecnie jestem \u00f3smy rok we wsp\u00f3lnocie o polskich korzeniach. Mam rodzin\u0119 oraz znajomych w r\u00f3\u017cnych ruchach i wsp\u00f3lnotach.<\/p>\n<\/div><\/div>\n\n\n\n<div class=\"wp-block-media-text has-media-on-the-right is-stacked-on-mobile has-base-color has-secondary-background-color has-text-color has-background has-link-color wp-elements-4a61f13194f68428a79abf643fc17b68\"><div class=\"wp-block-media-text__content\">\n<p class=\"has-section-bg-color has-text-color has-link-color has-regular-font-size wp-elements-57f66fd5aa4897442f7d2c038865a7b9\" style=\"margin-top:0;margin-right:var(--wp--preset--spacing--40);margin-bottom:0;margin-left:var(--wp--preset--spacing--40);line-height:1.3\">Moje prywatne obserwacje oraz doniesienia medialne z ostatnich kilku lat budz\u0105 we mnie silny niepok\u00f3j. Widz\u0119, \u017ce w niekt\u00f3rych wsp\u00f3lnotach istniej\u0105 systemowe mechanizmy pozwalaj\u0105ce na bezproblemowe dokonywanie potencjalnych nadu\u017cy\u0107.<\/p>\n<\/div><figure class=\"wp-block-media-text__media\"><img decoding=\"async\" width=\"800\" height=\"490\" src=\"https:\/\/neonyszeptem.pl\/wp-content\/uploads\/2025\/09\/tzy-wachlarze-poziomy-prostokat-800x490-1.png\" alt=\"neonowe lampki tworz\u0105ce 3 wachlarze\" class=\"wp-image-1321 size-full\" srcset=\"https:\/\/neonyszeptem.pl\/wp-content\/uploads\/2025\/09\/tzy-wachlarze-poziomy-prostokat-800x490-1.png 800w, https:\/\/neonyszeptem.pl\/wp-content\/uploads\/2025\/09\/tzy-wachlarze-poziomy-prostokat-800x490-1-300x184.png 300w, https:\/\/neonyszeptem.pl\/wp-content\/uploads\/2025\/09\/tzy-wachlarze-poziomy-prostokat-800x490-1-768x470.png 768w\" sizes=\"(max-width: 800px) 100vw, 800px\" \/><\/figure><\/div>\n\n\n\n<div class=\"wp-block-media-text is-stacked-on-mobile is-vertically-aligned-center has-base-color has-secondary-background-color has-text-color has-background has-link-color wp-elements-10f826fe3eb4bb80f066e89b90c3ab89\"><figure class=\"wp-block-media-text__media\"><img decoding=\"async\" width=\"800\" height=\"600\" src=\"https:\/\/neonyszeptem.pl\/wp-content\/uploads\/2025\/09\/Kwiat-czerwony-800x600-1.png\" alt=\"neonowe lampki tworz\u0105ce czerwony kwiat i \u017c\u00f3te kulki\" class=\"wp-image-1328 size-full\" srcset=\"https:\/\/neonyszeptem.pl\/wp-content\/uploads\/2025\/09\/Kwiat-czerwony-800x600-1.png 800w, https:\/\/neonyszeptem.pl\/wp-content\/uploads\/2025\/09\/Kwiat-czerwony-800x600-1-300x225.png 300w, https:\/\/neonyszeptem.pl\/wp-content\/uploads\/2025\/09\/Kwiat-czerwony-800x600-1-768x576.png 768w\" sizes=\"(max-width: 800px) 100vw, 800px\" \/><\/figure><div class=\"wp-block-media-text__content\">\n<p class=\"has-base-color has-text-color has-link-color has-regular-font-size wp-elements-67d58e294cab4ecd1aad58a8e0d1bab0\" style=\"line-height:1.3\">Brak wiedzy psychologicznej sprawia, \u017ce czasem nadgorliwi liderzy i uczestnicy <a href=\"https:\/\/neonyszeptem.pl\/index.php\/ksiazki\/#KSIAZKI-WSPOLNOTY-2\" data-type=\"page\" data-id=\"74\">wsp\u00f3lnot<\/a> nie zdaj\u0105 sobie sprawy z tego, \u017ce ich zachowanie jest manipulacyjne, a adresaci ich zachowa\u0144 nie wiedz\u0105, \u017ce s\u0105 manipulowani. Zdarza si\u0119 jednak, \u017ce takie czyny s\u0105 dokonywane z pe\u0142n\u0105 \u015bwiadomo\u015bci\u0105.<\/p>\n<\/div><\/div>\n\n\n\n<div class=\"wp-block-media-text has-media-on-the-right is-stacked-on-mobile is-vertically-aligned-center has-secondary-background-color has-background\"><div class=\"wp-block-media-text__content\">\n<p class=\"has-base-color has-text-color has-link-color has-regular-font-size wp-elements-b9d2bd3f53e8a20c6a4331a635a2f0af\" style=\"margin-right:var(--wp--preset--spacing--30);margin-left:var(--wp--preset--spacing--30);line-height:1.3\">Dlatego stworzy\u0142am Neony Szeptem.<br>Czyli stron\u0119, kt\u00f3r\u0105 przegl\u0105dasz, zawieraj\u0105c\u0105 odno\u015bniki do warto\u015bciowych \u017ar\u00f3de\u0142.<br><br>&#8222;Neony Szeptem&#8221; to ksi\u0105\u017cka, nad kt\u00f3r\u0105 pracuj\u0119 po to, by oszcz\u0119dzi\u0107 Ci czasu na <a href=\"https:\/\/neonyszeptem.pl\/index.php\/wartosciowe-artykuly\/\" data-type=\"page\" data-id=\"201\">czytanie<\/a> i <a href=\"https:\/\/neonyszeptem.pl\/index.php\/podcasty-warte-wysluchania\/\" data-type=\"page\" data-id=\"206\">s\u0142uchanie<\/a> tych wszystkich materia\u0142\u00f3w.<br><br>To b\u0119dzie esencja wiedzy.<\/p>\n<\/div><figure class=\"wp-block-media-text__media\"><img decoding=\"async\" width=\"800\" height=\"600\" src=\"https:\/\/neonyszeptem.pl\/wp-content\/uploads\/2025\/09\/wiszacy-niebieski-kwiat-deform-800x600-1.png\" alt=\"jasnob\u0142\u0119gkitne neonowe lampki w fantazyjnych wzorach\" class=\"wp-image-1366 size-full\" srcset=\"https:\/\/neonyszeptem.pl\/wp-content\/uploads\/2025\/09\/wiszacy-niebieski-kwiat-deform-800x600-1.png 800w, https:\/\/neonyszeptem.pl\/wp-content\/uploads\/2025\/09\/wiszacy-niebieski-kwiat-deform-800x600-1-300x225.png 300w, https:\/\/neonyszeptem.pl\/wp-content\/uploads\/2025\/09\/wiszacy-niebieski-kwiat-deform-800x600-1-768x576.png 768w\" sizes=\"(max-width: 800px) 100vw, 800px\" \/><\/figure><\/div>\n\n\n\n<div class=\"wp-block-media-text is-stacked-on-mobile is-vertically-aligned-center has-secondary-background-color has-background\"><figure class=\"wp-block-media-text__media\"><img decoding=\"async\" width=\"800\" height=\"561\" src=\"https:\/\/neonyszeptem.pl\/wp-content\/uploads\/2025\/09\/Gwiazda-z-motylkiem-800x561-1.png\" alt=\"bia\u0142e neonowe lampki w kszta\u0142cie gwiazdy i motyla\" class=\"wp-image-1368 size-full\" srcset=\"https:\/\/neonyszeptem.pl\/wp-content\/uploads\/2025\/09\/Gwiazda-z-motylkiem-800x561-1.png 800w, https:\/\/neonyszeptem.pl\/wp-content\/uploads\/2025\/09\/Gwiazda-z-motylkiem-800x561-1-300x210.png 300w, https:\/\/neonyszeptem.pl\/wp-content\/uploads\/2025\/09\/Gwiazda-z-motylkiem-800x561-1-768x539.png 768w\" sizes=\"(max-width: 800px) 100vw, 800px\" \/><\/figure><div class=\"wp-block-media-text__content\">\n<p class=\"has-base-color has-text-color has-link-color has-regular-font-size wp-elements-583d136fb16dfc3688480d7db14a2d47\" style=\"line-height:1.3\">Nie chc\u0119 si\u0119 skupia\u0107 na samej teorii, dlatego w ksi\u0105\u017cce &#8222;Neony Szeptem&#8221; chc\u0119 opisa\u0107 prawdziwe historie.<br><br>Chc\u0119 pokaza\u0107, \u017ce nie zawsze jest \u0142atwo zauwa\u017cy\u0107, gdy co\u015b dzieje si\u0119 nie tak.<br><br>Czasami nasze spostrze\u017cenia s\u0105 ignorowane przez wsp\u00f3\u0142braci lub ksi\u0119\u017cy.<\/p>\n<\/div><\/div>\n\n\n\n<div class=\"wp-block-media-text has-media-on-the-right is-stacked-on-mobile has-secondary-background-color has-background\"><div class=\"wp-block-media-text__content\">\n<p class=\"has-base-color has-text-color has-link-color has-regular-font-size wp-elements-fd5d153ecc74859a6ebdfbc1bf7f1b03\" style=\"margin-right:var(--wp--preset--spacing--40);margin-left:var(--wp--preset--spacing--40);line-height:1.3\">Uwa\u017cam, \u017ce w czasach, gdy wiele wsp\u00f3lnot i duszpasterzy nie ma superwizji, najlepsz\u0105 obron\u0105 przed nadu\u017cyciami jest prewencja. A tym jest wiedza. Je\u015bli uwa\u017casz, \u017ce ten projekt jest warto\u015bciowy, to b\u0119d\u0119 wdzi\u0119czna za wsparcie.<\/p>\n<\/div><figure class=\"wp-block-media-text__media\"><img decoding=\"async\" width=\"800\" height=\"600\" src=\"https:\/\/neonyszeptem.pl\/wp-content\/uploads\/2025\/09\/neony-mikolaj-helikopter-prezent-800x600-1.png\" alt=\"lampki czerwono \u017c\u00f3\u0142te neonowe w kszta\u0142cie miko\u0142aja w helikopterze i niebieskie w kszta\u0142cie prezentu.\" class=\"wp-image-1371 size-full\" srcset=\"https:\/\/neonyszeptem.pl\/wp-content\/uploads\/2025\/09\/neony-mikolaj-helikopter-prezent-800x600-1.png 800w, https:\/\/neonyszeptem.pl\/wp-content\/uploads\/2025\/09\/neony-mikolaj-helikopter-prezent-800x600-1-300x225.png 300w, https:\/\/neonyszeptem.pl\/wp-content\/uploads\/2025\/09\/neony-mikolaj-helikopter-prezent-800x600-1-768x576.png 768w\" sizes=\"(max-width: 800px) 100vw, 800px\" \/><\/figure><\/div>\n\n\n\n<div class=\"wp-block-media-text is-stacked-on-mobile has-secondary-background-color has-background\"><figure class=\"wp-block-media-text__media\"><img decoding=\"async\" width=\"771\" height=\"609\" src=\"https:\/\/neonyszeptem.pl\/wp-content\/uploads\/2025\/09\/Serduszko.jpg\" alt=\"neonowe wielokolorowe lampki tworz\u0105ce serduszko\" class=\"wp-image-1374 size-full\" srcset=\"https:\/\/neonyszeptem.pl\/wp-content\/uploads\/2025\/09\/Serduszko.jpg 771w, https:\/\/neonyszeptem.pl\/wp-content\/uploads\/2025\/09\/Serduszko-300x237.jpg 300w, https:\/\/neonyszeptem.pl\/wp-content\/uploads\/2025\/09\/Serduszko-768x607.jpg 768w\" sizes=\"(max-width: 771px) 100vw, 771px\" \/><\/figure><div class=\"wp-block-media-text__content\">\n<p class=\"has-base-color has-text-color has-link-color has-regular-font-size wp-elements-8d63b01ecf89924b12c2baa9aa8732ec\" style=\"line-height:1.3\">Mo\u017cesz wesprze\u0107 ten projekt dziel\u0105c si\u0119 swoj\u0105 histori\u0105 lub wspieraj\u0105c go finansowo. <br>Powiedz innym o tej stronie!<\/p>\n\n\n\n<div class=\"wp-block-buttons is-layout-flex wp-block-buttons-is-layout-flex\">\n<div class=\"wp-block-button has-custom-width wp-block-button__width-100\"><a class=\"wp-block-button__link has-text-color has-link-color has-border-color has-regular-font-size has-custom-font-size wp-element-button\" href=\"https:\/\/neonyszeptem.pl\/index.php\/ksiazka\/swiadectwa\/\" style=\"border-color:#e6e21c;border-width:4px;color:#e6e21c\"><mark style=\"background-color:rgba(0, 0, 0, 0);color:#e6e21c\" class=\"has-inline-color\">OPOWIEDZ SWOJ\u0104 HISTORI\u0118<\/mark><\/a><\/div>\n<\/div>\n\n\n\n<div class=\"wp-block-buttons is-layout-flex wp-block-buttons-is-layout-flex\">\n<div class=\"wp-block-button has-custom-width wp-block-button__width-100\"><a class=\"wp-block-button__link has-text-color has-link-color has-border-color has-regular-font-size has-custom-font-size wp-element-button\" href=\"https:\/\/neonyszeptem.pl\/index.php\/wesprzyj-projekt\/\" style=\"border-color:#e6e21c;border-width:4px;color:#e6e21c\">WESPRZYJ NEONY SZEPTEM<\/a><\/div>\n<\/div>\n\n\n\n<p class=\"has-text-align-center has-base-color has-text-color has-link-color has-regular-font-size wp-elements-af87afc71e1297e5daeceb2f9e185b7c\" style=\"line-height:1.3\">DZI\u0118KUJ\u0118!<\/p>\n<\/div><\/div>\n\n\n\n<p><\/p>\n","protected":false},"excerpt":{"rendered":"<p>Mam na imi\u0119 Anna. Do Ko\u015bcio\u0142a Rzymskokatolickiego nale\u017c\u0119 mniej wi\u0119cej p\u00f3\u0142 wieku. W tym czasie mia\u0142am okazj\u0119 by\u0107 przez cztery lata w duszpasterstwie akademickim, po wielu latach wst\u0105pi\u0142am do wsp\u00f3lnoty o zasi\u0119gu globalnym i by\u0142am tam dwana\u015bcie lat. Obecnie jestem \u00f3smy rok we wsp\u00f3lnocie o polskich korzeniach. Mam rodzin\u0119 oraz znajomych w r\u00f3\u017cnych ruchach i [&hellip;]<\/p>\n","protected":false},"author":1,"featured_media":1320,"parent":0,"menu_order":0,"comment_status":"closed","ping_status":"closed","template":"","meta":{"footnotes":""},"class_list":["post-1319","page","type-page","status-publish","has-post-thumbnail","hentry"],"_links":{"self":[{"href":"https:\/\/neonyszeptem.pl\/index.php\/wp-json\/wp\/v2\/pages\/1319","targetHints":{"allow":["GET"]}}],"collection":[{"href":"https:\/\/neonyszeptem.pl\/index.php\/wp-json\/wp\/v2\/pages"}],"about":[{"href":"https:\/\/neonyszeptem.pl\/index.php\/wp-json\/wp\/v2\/types\/page"}],"author":[{"embeddable":true,"href":"https:\/\/neonyszeptem.pl\/index.php\/wp-json\/wp\/v2\/users\/1"}],"replies":[{"embeddable":true,"href":"https:\/\/neonyszeptem.pl\/index.php\/wp-json\/wp\/v2\/comments?post=1319"}],"version-history":[{"count":21,"href":"https:\/\/neonyszeptem.pl\/index.php\/wp-json\/wp\/v2\/pages\/1319\/revisions"}],"predecessor-version":[{"id":1699,"href":"https:\/\/neonyszeptem.pl\/index.php\/wp-json\/wp\/v2\/pages\/1319\/revisions\/1699"}],"wp:featuredmedia":[{"embeddable":true,"href":"https:\/\/neonyszeptem.pl\/index.php\/wp-json\/wp\/v2\/media\/1320"}],"wp:attachment":[{"href":"https:\/\/neonyszeptem.pl\/index.php\/wp-json\/wp\/v2\/media?parent=1319"}],"curies":[{"name":"wp","href":"https:\/\/api.w.org\/{rel}","templated":true}]}}