{"id":122,"date":"2025-09-11T16:10:17","date_gmt":"2025-09-11T14:10:17","guid":{"rendered":"https:\/\/neonyszeptem.pl\/?page_id=122"},"modified":"2026-02-06T13:02:10","modified_gmt":"2026-02-06T12:02:10","slug":"wesprzyj-projekt","status":"publish","type":"page","link":"https:\/\/neonyszeptem.pl\/index.php\/wesprzyj-projekt\/","title":{"rendered":"Wesprzyj projekt"},"content":{"rendered":"\n<div class=\"wp-block-columns is-layout-flex wp-container-core-columns-is-layout-28f84493 wp-block-columns-is-layout-flex\">\n<div class=\"wp-block-column is-layout-flow wp-block-column-is-layout-flow\" style=\"flex-basis:25%\">\n<figure class=\"wp-block-image size-full\"><img decoding=\"async\" width=\"300\" height=\"512\" src=\"https:\/\/neonyszeptem.pl\/wp-content\/uploads\/2025\/09\/neony-mikolaj-z-motylem-wydluzony-300x512-odwrocony.png\" alt=\"lampki neonowe pokazujace mikolaja z motylem\" class=\"wp-image-1290\" srcset=\"https:\/\/neonyszeptem.pl\/wp-content\/uploads\/2025\/09\/neony-mikolaj-z-motylem-wydluzony-300x512-odwrocony.png 300w, https:\/\/neonyszeptem.pl\/wp-content\/uploads\/2025\/09\/neony-mikolaj-z-motylem-wydluzony-300x512-odwrocony-176x300.png 176w\" sizes=\"(max-width: 300px) 100vw, 300px\" \/><\/figure>\n<\/div>\n\n\n\n<div class=\"wp-block-column is-layout-flow wp-block-column-is-layout-flow\" style=\"flex-basis:50%\">\n<div class=\"wp-block-buttons is-layout-flex wp-block-buttons-is-layout-flex\">\n<div class=\"wp-block-button has-custom-width wp-block-button__width-100\"><a class=\"wp-block-button__link has-text-color has-link-color has-border-color has-secondary-border-color has-large-font-size has-custom-font-size wp-element-button\" href=\"https:\/\/neonyszeptem.pl\/index.php\/podziel-sie-ta-strona-z-innymi\/\" style=\"border-width:4px;color:#e6e21c;padding-top:var(--wp--preset--spacing--60);padding-bottom:var(--wp--preset--spacing--60);box-shadow:var(--wp--preset--shadow--natural)\">Podziel si\u0119 t\u0105 stron\u0105 z innymi<\/a><\/div>\n<\/div>\n\n\n\n<div class=\"wp-block-buttons is-layout-flex wp-block-buttons-is-layout-flex\">\n<div class=\"wp-block-button has-custom-width wp-block-button__width-100\"><a class=\"wp-block-button__link has-text-color has-link-color has-border-color has-secondary-border-color has-large-font-size has-custom-font-size wp-element-button\" href=\"https:\/\/neonyszeptem.pl\/index.php\/ksiazka\/swiadectwa\/\" style=\"border-width:4px;color:#e6e21c;padding-top:var(--wp--preset--spacing--60);padding-bottom:var(--wp--preset--spacing--60);box-shadow:var(--wp--preset--shadow--natural)\">Opowiedz swoj\u0105 histori\u0119<\/a><\/div>\n<\/div>\n\n\n\n<div class=\"wp-block-buttons is-layout-flex wp-block-buttons-is-layout-flex\">\n<div class=\"wp-block-button has-custom-width wp-block-button__width-100\"><a class=\"wp-block-button__link has-text-color has-link-color has-border-color has-secondary-border-color has-large-font-size has-custom-font-size wp-element-button\" href=\"https:\/\/buycoffee.to\/neonyszeptem?tab=subs\" style=\"border-width:4px;color:#e6e21c;padding-top:var(--wp--preset--spacing--60);padding-bottom:var(--wp--preset--spacing--60);box-shadow:var(--wp--preset--shadow--natural)\">Kup mi kaw\u0119<\/a><\/div>\n\n\n\n<div class=\"wp-block-button has-custom-width wp-block-button__width-100\"><a class=\"wp-block-button__link has-text-color has-link-color has-large-font-size has-custom-font-size wp-element-button\" href=\"https:\/\/patronite.pl\/neonyszeptem.pl\" style=\"border-width:4px;color:#e6e21c;padding-top:var(--wp--preset--spacing--60);padding-bottom:var(--wp--preset--spacing--60);box-shadow:var(--wp--preset--shadow--natural)\">Zosta\u0144 Patronem<\/a><\/div>\n<\/div>\n<\/div>\n\n\n\n<div class=\"wp-block-column is-layout-flow wp-block-column-is-layout-flow\" style=\"flex-basis:25%\">\n<figure class=\"wp-block-image size-full\"><img decoding=\"async\" width=\"300\" height=\"512\" src=\"https:\/\/neonyszeptem.pl\/wp-content\/uploads\/2025\/09\/neony-prezent-2-small-300x512-odwrocony.png\" alt=\"neonowe lampki pokazuj\u0105ce prezent pod choink\u0119\" class=\"wp-image-1291\" srcset=\"https:\/\/neonyszeptem.pl\/wp-content\/uploads\/2025\/09\/neony-prezent-2-small-300x512-odwrocony.png 300w, https:\/\/neonyszeptem.pl\/wp-content\/uploads\/2025\/09\/neony-prezent-2-small-300x512-odwrocony-176x300.png 176w\" sizes=\"(max-width: 300px) 100vw, 300px\" \/><\/figure>\n<\/div>\n<\/div>\n\n\n\n<figure class=\"wp-block-image aligncenter size-full\"><img decoding=\"async\" width=\"1200\" height=\"714\" src=\"https:\/\/neonyszeptem.pl\/wp-content\/uploads\/2025\/09\/dwa-anioly-same-1200x714-1.jpg\" alt=\"lampki neonowe pokazuj\u0105ce dwa anio\u0142y naprzeciw siebie trzymaj\u0105cy serce\" class=\"wp-image-1311\" srcset=\"https:\/\/neonyszeptem.pl\/wp-content\/uploads\/2025\/09\/dwa-anioly-same-1200x714-1.jpg 1200w, https:\/\/neonyszeptem.pl\/wp-content\/uploads\/2025\/09\/dwa-anioly-same-1200x714-1-300x179.jpg 300w, https:\/\/neonyszeptem.pl\/wp-content\/uploads\/2025\/09\/dwa-anioly-same-1200x714-1-1024x609.jpg 1024w, https:\/\/neonyszeptem.pl\/wp-content\/uploads\/2025\/09\/dwa-anioly-same-1200x714-1-768x457.jpg 768w\" sizes=\"(max-width: 1200px) 100vw, 1200px\" \/><\/figure>\n","protected":false},"excerpt":{"rendered":"","protected":false},"author":1,"featured_media":1311,"parent":0,"menu_order":0,"comment_status":"closed","ping_status":"closed","template":"","meta":{"footnotes":""},"class_list":["post-122","page","type-page","status-publish","has-post-thumbnail","hentry"],"_links":{"self":[{"href":"https:\/\/neonyszeptem.pl\/index.php\/wp-json\/wp\/v2\/pages\/122","targetHints":{"allow":["GET"]}}],"collection":[{"href":"https:\/\/neonyszeptem.pl\/index.php\/wp-json\/wp\/v2\/pages"}],"about":[{"href":"https:\/\/neonyszeptem.pl\/index.php\/wp-json\/wp\/v2\/types\/page"}],"author":[{"embeddable":true,"href":"https:\/\/neonyszeptem.pl\/index.php\/wp-json\/wp\/v2\/users\/1"}],"replies":[{"embeddable":true,"href":"https:\/\/neonyszeptem.pl\/index.php\/wp-json\/wp\/v2\/comments?post=122"}],"version-history":[{"count":20,"href":"https:\/\/neonyszeptem.pl\/index.php\/wp-json\/wp\/v2\/pages\/122\/revisions"}],"predecessor-version":[{"id":3732,"href":"https:\/\/neonyszeptem.pl\/index.php\/wp-json\/wp\/v2\/pages\/122\/revisions\/3732"}],"wp:featuredmedia":[{"embeddable":true,"href":"https:\/\/neonyszeptem.pl\/index.php\/wp-json\/wp\/v2\/media\/1311"}],"wp:attachment":[{"href":"https:\/\/neonyszeptem.pl\/index.php\/wp-json\/wp\/v2\/media?parent=122"}],"curies":[{"name":"wp","href":"https:\/\/api.w.org\/{rel}","templated":true}]}}