{"id":121,"date":"2025-09-11T16:08:53","date_gmt":"2025-09-11T14:08:53","guid":{"rendered":"https:\/\/neonyszeptem.pl\/?page_id=121"},"modified":"2025-11-27T11:58:31","modified_gmt":"2025-11-27T10:58:31","slug":"swiadectwa","status":"publish","type":"page","link":"https:\/\/neonyszeptem.pl\/index.php\/ksiazka\/swiadectwa\/","title":{"rendered":"Opowiedz swoj\u0105 histori\u0119"},"content":{"rendered":"\n<div class=\"wp-block-cover alignfull\" style=\"border-radius:40px;margin-top:0px;margin-bottom:0px;padding-top:185px;padding-right:0px;padding-bottom:185px;padding-left:0px;line-height:0.8;box-shadow:var(--wp--preset--shadow--deep);min-height:700px;aspect-ratio:unset;\"><img decoding=\"async\" width=\"1024\" height=\"634\" class=\"wp-block-cover__image-background wp-image-1652 size-large\" alt=\"neony tworz\u0105ce 2 kobiety w fotelach\" src=\"https:\/\/neonyszeptem.pl\/wp-content\/uploads\/2025\/09\/Psychoterapia-4x3-1080-1024x634.png\" style=\"object-position:29% 70%\" data-object-fit=\"cover\" data-object-position=\"29% 70%\" srcset=\"https:\/\/neonyszeptem.pl\/wp-content\/uploads\/2025\/09\/Psychoterapia-4x3-1080-1024x634.png 1024w, https:\/\/neonyszeptem.pl\/wp-content\/uploads\/2025\/09\/Psychoterapia-4x3-1080-300x186.png 300w, https:\/\/neonyszeptem.pl\/wp-content\/uploads\/2025\/09\/Psychoterapia-4x3-1080-768x476.png 768w, https:\/\/neonyszeptem.pl\/wp-content\/uploads\/2025\/09\/Psychoterapia-4x3-1080.png 1080w\" sizes=\"(max-width: 1024px) 100vw, 1024px\" \/><span aria-hidden=\"true\" class=\"wp-block-cover__background has-background-dim-0 has-background-dim\"><\/span><div class=\"wp-block-cover__inner-container has-global-padding is-layout-constrained wp-container-core-cover-is-layout-fb44cdca wp-block-cover-is-layout-constrained\">\n<div class=\"wp-block-group has-global-padding is-content-justification-center is-layout-constrained wp-block-group-is-layout-constrained\">\n<div class=\"wp-block-group is-layout-flow wp-block-group-is-layout-flow\">\n<div class=\"wp-block-group is-layout-flow wp-block-group-is-layout-flow\">\n<h4 class=\"wp-block-heading has-text-align-center has-section-bg-color has-text-color has-link-color has-worksans-font-family wp-elements-809e2fad6fe3879ffc3c17480a9c839a\" style=\"border-radius:0px;margin-top:var(--wp--preset--spacing--30);margin-right:var(--wp--preset--spacing--60);margin-bottom:var(--wp--preset--spacing--30);margin-left:var(--wp--preset--spacing--60);font-size:32px;font-style:italic;font-weight:400;letter-spacing:2px\"><strong>Czy w Twojej wsp\u00f3lnocie by\u0142y dziwne sytuacje?<br><br>Czy lider wsp\u00f3lnoty nadu\u017cywa\u0142 w\u0142adzy?<br><br>Czy narzucano ci powo\u0142anie lub decyzje \u017cyciowe?<\/strong><\/h4>\n\n\n\n<h2 class=\"wp-block-heading has-text-align-center has-luminous-vivid-amber-color has-text-color has-extra-large-font-size\" style=\"margin-top:20px;margin-right:var(--wp--preset--spacing--20);margin-bottom:var(--wp--preset--spacing--20);margin-left:var(--wp--preset--spacing--30);font-style:normal;font-weight:800;letter-spacing:2px;line-height:1;text-transform:capitalize\"><mark style=\"background-color:#1A1A1A;color:#fcb900\" class=\"has-inline-color\">PODZIEL SI\u0118<\/mark><\/h2>\n\n\n\n<div class=\"wp-block-buttons is-content-justification-center is-layout-flex wp-container-core-buttons-is-layout-a5792793 wp-block-buttons-is-layout-flex\" style=\"margin-top:50px\">\n<div class=\"wp-block-button has-custom-width wp-block-button__width-75 is-style-fill\"><a class=\"wp-block-button__link has-text-color has-link-color has-border-color has-secondary-border-color has-quicksand-font-family has-extra-large-font-size has-custom-font-size wp-element-button\" href=\"mailto:neony@szeptem.pl\" style=\"border-width:4px;border-radius:42px;color:#e6e21c;padding-top:29px;padding-right:24px;padding-bottom:29px;padding-left:24px;font-style:normal;font-weight:600;letter-spacing:2px;text-transform:uppercase\" target=\"_blank\" rel=\"mailto:neony@szeptem.pl noreferrer noopener\">NAPISz DO MNIE<\/a><\/div>\n<\/div>\n<\/div>\n<\/div>\n<\/div>\n<\/div><\/div>\n\n\n\n<p><\/p>\n","protected":false},"excerpt":{"rendered":"","protected":false},"author":1,"featured_media":1034,"parent":117,"menu_order":0,"comment_status":"closed","ping_status":"closed","template":"","meta":{"footnotes":""},"class_list":["post-121","page","type-page","status-publish","has-post-thumbnail","hentry"],"_links":{"self":[{"href":"https:\/\/neonyszeptem.pl\/index.php\/wp-json\/wp\/v2\/pages\/121","targetHints":{"allow":["GET"]}}],"collection":[{"href":"https:\/\/neonyszeptem.pl\/index.php\/wp-json\/wp\/v2\/pages"}],"about":[{"href":"https:\/\/neonyszeptem.pl\/index.php\/wp-json\/wp\/v2\/types\/page"}],"author":[{"embeddable":true,"href":"https:\/\/neonyszeptem.pl\/index.php\/wp-json\/wp\/v2\/users\/1"}],"replies":[{"embeddable":true,"href":"https:\/\/neonyszeptem.pl\/index.php\/wp-json\/wp\/v2\/comments?post=121"}],"version-history":[{"count":28,"href":"https:\/\/neonyszeptem.pl\/index.php\/wp-json\/wp\/v2\/pages\/121\/revisions"}],"predecessor-version":[{"id":2253,"href":"https:\/\/neonyszeptem.pl\/index.php\/wp-json\/wp\/v2\/pages\/121\/revisions\/2253"}],"up":[{"embeddable":true,"href":"https:\/\/neonyszeptem.pl\/index.php\/wp-json\/wp\/v2\/pages\/117"}],"wp:featuredmedia":[{"embeddable":true,"href":"https:\/\/neonyszeptem.pl\/index.php\/wp-json\/wp\/v2\/media\/1034"}],"wp:attachment":[{"href":"https:\/\/neonyszeptem.pl\/index.php\/wp-json\/wp\/v2\/media?parent=121"}],"curies":[{"name":"wp","href":"https:\/\/api.w.org\/{rel}","templated":true}]}}