{"id":117,"date":"2025-09-11T16:08:37","date_gmt":"2025-09-11T14:08:37","guid":{"rendered":"https:\/\/neonyszeptem.pl\/?page_id=117"},"modified":"2025-09-23T22:05:11","modified_gmt":"2025-09-23T20:05:11","slug":"ksiazka","status":"publish","type":"page","link":"https:\/\/neonyszeptem.pl\/index.php\/ksiazka\/","title":{"rendered":"Ksi\u0105\u017cka &#8222;Neony Szeptem&#8221;"},"content":{"rendered":"\n<div class=\"wp-block-cover\" style=\"margin-top:var(--wp--preset--spacing--20);margin-bottom:var(--wp--preset--spacing--20);padding-top:var(--wp--preset--spacing--70);padding-right:var(--wp--preset--spacing--80);padding-bottom:var(--wp--preset--spacing--70);padding-left:var(--wp--preset--spacing--80)\"><img decoding=\"async\" width=\"1024\" height=\"613\" class=\"wp-block-cover__image-background wp-image-1560 size-large\" alt=\"otwarta szklana ksi\u0105\u017cka otoczona neonem\" src=\"https:\/\/neonyszeptem.pl\/wp-content\/uploads\/2025\/09\/ksiazka-v2-1090-x-653-1024x613.png\" style=\"object-position:46% 35%\" data-object-fit=\"cover\" data-object-position=\"46% 35%\" srcset=\"https:\/\/neonyszeptem.pl\/wp-content\/uploads\/2025\/09\/ksiazka-v2-1090-x-653-1024x613.png 1024w, https:\/\/neonyszeptem.pl\/wp-content\/uploads\/2025\/09\/ksiazka-v2-1090-x-653-300x180.png 300w, https:\/\/neonyszeptem.pl\/wp-content\/uploads\/2025\/09\/ksiazka-v2-1090-x-653-768x460.png 768w, https:\/\/neonyszeptem.pl\/wp-content\/uploads\/2025\/09\/ksiazka-v2-1090-x-653.png 1090w\" sizes=\"(max-width: 1024px) 100vw, 1024px\" \/><span aria-hidden=\"true\" class=\"wp-block-cover__background has-secondary-background-color has-background-dim\"><\/span><div class=\"wp-block-cover__inner-container has-global-padding is-layout-constrained wp-container-core-cover-is-layout-5d19a3ce wp-block-cover-is-layout-constrained\">\n<p class=\"has-text-align-center has-section-bg-color has-text-color has-link-color has-large-font-size wp-elements-6da473f3b8a1ff30ec2cdab027d055f7\" style=\"font-style:normal;font-weight:800;line-height:1.3\">Je\u015bli nie chce Ci si\u0119 przedziera\u0107 przez setki <a href=\"https:\/\/neonyszeptem.pl\/index.php\/wartosciowe-artykuly\/\" data-type=\"page\" data-id=\"201\">artyku\u0142\u00f3w<\/a>, <a href=\"https:\/\/neonyszeptem.pl\/index.php\/category\/ksiazki\/\" data-type=\"category\" data-id=\"9\">ksi\u0105\u017cek<\/a>, <a href=\"https:\/\/neonyszeptem.pl\/index.php\/strony-internetowe\/\" data-type=\"page\" data-id=\"204\">stron<\/a> i <a href=\"https:\/\/neonyszeptem.pl\/index.php\/podcasty-warte-wysluchania\/\" data-type=\"page\" data-id=\"206\">podcast\u00f3w<\/a> tu rekomendowanych, to pewnie przyda Ci si\u0119 ksi\u0105\u017cka &#8222;Neony Szeptem&#8221;, nad kt\u00f3r\u0105 teraz pracuj\u0119.<br><br>W tej chwili przedzieram si\u0119 przez powy\u017csze \u017ar\u00f3d\u0142a wiedzy,<br> by stre\u015bci\u0107 je w skondensowanej formie.<br><br>Szukam te\u017c os\u00f3b ch\u0119tnych do podzielenia si\u0119 swoj\u0105 histori\u0105.<br>Chc\u0119 zawrze\u0107 w mojej ksi\u0105\u017cce teori\u0119, praktyk\u0119 i \u017cyciowe do\u015bwiadczenia ludzi z r\u00f3\u017cnych wsp\u00f3lnot i ruch\u00f3w.<br><br><\/p>\n\n\n\n<div class=\"wp-block-buttons is-layout-flex wp-block-buttons-is-layout-flex\">\n<div class=\"wp-block-button has-custom-width wp-block-button__width-100\"><a class=\"wp-block-button__link has-text-color has-link-color has-border-color has-quicksand-font-family has-extra-large-font-size has-text-align-center has-custom-font-size wp-element-button\" href=\"https:\/\/neonyszeptem.pl\/index.php\/wesprzyj-projekt\/\" style=\"border-color:#1A1A1A;border-width:4px;border-radius:100px;color:#e6e21c;padding-top:var(--wp--preset--spacing--60);padding-right:var(--wp--preset--spacing--30);padding-bottom:var(--wp--preset--spacing--60);padding-left:var(--wp--preset--spacing--30);box-shadow:var(--wp--preset--shadow--deep);font-style:normal;font-weight:700\">WESPRZYJ PROJEKT &#8222;NEONY SZEPTEM&#8221;<\/a><\/div>\n<\/div>\n<\/div><\/div>\n\n\n\n<p><\/p>\n","protected":false},"excerpt":{"rendered":"","protected":false},"author":1,"featured_media":1398,"parent":0,"menu_order":0,"comment_status":"closed","ping_status":"closed","template":"","meta":{"footnotes":""},"class_list":["post-117","page","type-page","status-publish","has-post-thumbnail","hentry"],"_links":{"self":[{"href":"https:\/\/neonyszeptem.pl\/index.php\/wp-json\/wp\/v2\/pages\/117","targetHints":{"allow":["GET"]}}],"collection":[{"href":"https:\/\/neonyszeptem.pl\/index.php\/wp-json\/wp\/v2\/pages"}],"about":[{"href":"https:\/\/neonyszeptem.pl\/index.php\/wp-json\/wp\/v2\/types\/page"}],"author":[{"embeddable":true,"href":"https:\/\/neonyszeptem.pl\/index.php\/wp-json\/wp\/v2\/users\/1"}],"replies":[{"embeddable":true,"href":"https:\/\/neonyszeptem.pl\/index.php\/wp-json\/wp\/v2\/comments?post=117"}],"version-history":[{"count":23,"href":"https:\/\/neonyszeptem.pl\/index.php\/wp-json\/wp\/v2\/pages\/117\/revisions"}],"predecessor-version":[{"id":1712,"href":"https:\/\/neonyszeptem.pl\/index.php\/wp-json\/wp\/v2\/pages\/117\/revisions\/1712"}],"wp:featuredmedia":[{"embeddable":true,"href":"https:\/\/neonyszeptem.pl\/index.php\/wp-json\/wp\/v2\/media\/1398"}],"wp:attachment":[{"href":"https:\/\/neonyszeptem.pl\/index.php\/wp-json\/wp\/v2\/media?parent=117"}],"curies":[{"name":"wp","href":"https:\/\/api.w.org\/{rel}","templated":true}]}}